{"id":175,"date":"2025-08-31T17:56:33","date_gmt":"2025-08-31T17:56:33","guid":{"rendered":"https:\/\/erjavaris.com\/?page_id=175"},"modified":"2026-02-20T18:37:47","modified_gmt":"2026-02-20T18:37:47","slug":"vastaanotto","status":"publish","type":"page","link":"https:\/\/erjavaris.com\/?page_id=175","title":{"rendered":"Vastaanotto"},"content":{"rendered":"\n<div class=\"wp-block-columns is-layout-flex wp-container-core-columns-is-layout-9d6595d7 wp-block-columns-is-layout-flex\">\n<div class=\"wp-block-column is-layout-flow wp-block-column-is-layout-flow\" style=\"flex-basis:15%\"><\/div>\n\n\n\n<div class=\"wp-block-column is-layout-flow wp-block-column-is-layout-flow\" style=\"flex-basis:70%\">\n<div class=\"wp-block-cover\" style=\"min-height:296px;aspect-ratio:unset;\"><img decoding=\"async\" class=\"wp-block-cover__image-background wp-image-9\" alt=\"rukouslippuja vuorilla\" src=\"https:\/\/erjavaris.com\/wp-content\/uploads\/2024\/07\/S1300005-scaled.jpg\" data-object-fit=\"cover\"\/><span aria-hidden=\"true\" class=\"wp-block-cover__background has-background-dim\"><\/span><div class=\"wp-block-cover__inner-container is-layout-flow wp-block-cover-is-layout-flow\">\n<p class=\"has-text-align-center has-large-font-size\">VASTAANOTTO<\/p>\n<\/div><\/div>\n\n\n\n<div class=\"wp-block-columns is-layout-flex wp-container-core-columns-is-layout-9d6595d7 wp-block-columns-is-layout-flex\">\n<div class=\"wp-block-column is-layout-flow wp-block-column-is-layout-flow\">\n<h2 class=\"wp-block-heading\">My\u00f6t\u00e4tuntovalmennus<\/h2>\n\n\n\n<p><\/p>\n\n\n\n<p>90 minuuttia 85 euroa tai<br>60 minuuttia 60 euroa.<\/p>\n<\/div>\n\n\n\n<div class=\"wp-block-column is-layout-flow wp-block-column-is-layout-flow\">\n<h2 class=\"wp-block-heading\">My\u00f6t\u00e4tuntoinen kriisituki<\/h2>\n\n\n\n<p><\/p>\n\n\n\n<p>90 minuuttia 85 euroa tai<br>60 minuuttia 60 euroa<\/p>\n<\/div>\n\n\n\n<div class=\"wp-block-column is-layout-flow wp-block-column-is-layout-flow\">\n<h2 class=\"wp-block-heading\">Tietoinen kosketus -hieronta<\/h2>\n\n\n\n<p><\/p>\n\n\n\n<p>90 minuuttia 85 euroa tai<br>60 minuuttia 60 euroa<\/p>\n<\/div>\n<\/div>\n\n\n\n<p style=\"margin-right:var(--wp--preset--spacing--30);margin-left:var(--wp--preset--spacing--30)\"> Varaus onnistuu parhaiten tekstiviestill\u00e4 numeroon 040 4133351.<\/p>\n\n\n\n<p style=\"margin-right:var(--wp--preset--spacing--30);margin-left:var(--wp--preset--spacing--30)\"><\/p>\n<\/div>\n\n\n\n<div class=\"wp-block-column is-layout-flow wp-block-column-is-layout-flow\" style=\"flex-basis:15%\"><\/div>\n<\/div>\n","protected":false},"excerpt":{"rendered":"<p>My\u00f6t\u00e4tuntovalmennus 90 minuuttia 85 euroa tai60 minuuttia 60 euroa. My\u00f6t\u00e4tuntoinen kriisituki 90 minuuttia 85 euroa tai60 minuuttia 60 euroa Tietoinen kosketus -hieronta 90 minuuttia 85 euroa tai60 minuuttia 60 euroa Varaus onnistuu parhaiten tekstiviestill\u00e4 numeroon 040 4133351.<\/p>\n","protected":false},"author":1,"featured_media":0,"parent":0,"menu_order":0,"comment_status":"closed","ping_status":"closed","template":"tyhja","meta":{"_kadence_starter_templates_imported_post":false,"_kad_post_transparent":"","_kad_post_title":"","_kad_post_layout":"","_kad_post_sidebar_id":"","_kad_post_content_style":"","_kad_post_vertical_padding":"","_kad_post_feature":"","_kad_post_feature_position":"","_kad_post_header":false,"_kad_post_footer":false,"footnotes":""},"class_list":["post-175","page","type-page","status-publish","hentry"],"_links":{"self":[{"href":"https:\/\/erjavaris.com\/index.php?rest_route=\/wp\/v2\/pages\/175","targetHints":{"allow":["GET"]}}],"collection":[{"href":"https:\/\/erjavaris.com\/index.php?rest_route=\/wp\/v2\/pages"}],"about":[{"href":"https:\/\/erjavaris.com\/index.php?rest_route=\/wp\/v2\/types\/page"}],"author":[{"embeddable":true,"href":"https:\/\/erjavaris.com\/index.php?rest_route=\/wp\/v2\/users\/1"}],"replies":[{"embeddable":true,"href":"https:\/\/erjavaris.com\/index.php?rest_route=%2Fwp%2Fv2%2Fcomments&post=175"}],"version-history":[{"count":5,"href":"https:\/\/erjavaris.com\/index.php?rest_route=\/wp\/v2\/pages\/175\/revisions"}],"predecessor-version":[{"id":229,"href":"https:\/\/erjavaris.com\/index.php?rest_route=\/wp\/v2\/pages\/175\/revisions\/229"}],"wp:attachment":[{"href":"https:\/\/erjavaris.com\/index.php?rest_route=%2Fwp%2Fv2%2Fmedia&parent=175"}],"curies":[{"name":"wp","href":"https:\/\/api.w.org\/{rel}","templated":true}]}}